{"id":23138,"date":"2025-06-28T15:09:44","date_gmt":"2025-06-28T15:09:44","guid":{"rendered":"https:\/\/ross.international\/estetica\/"},"modified":"2026-03-09T20:41:51","modified_gmt":"2026-03-09T20:41:51","slug":"estetica","status":"publish","type":"page","link":"https:\/\/ross.international\/en\/products\/esthetics\/","title":{"rendered":"Aesthetics"},"content":{"rendered":"","protected":false},"excerpt":{"rendered":"","protected":false},"author":1,"featured_media":23330,"parent":9,"menu_order":10,"comment_status":"closed","ping_status":"closed","template":"mostrar-hijos-grid-template.php","meta":{"_acf_changed":false,"footnotes":""},"class_list":["post-23138","page","type-page","status-publish","has-post-thumbnail","hentry"],"acf":[],"yoast_head":"<!-- This site is optimized with the Yoast SEO Premium plugin v22.6 (Yoast SEO v25.3.1) - https:\/\/yoast.com\/wordpress\/plugins\/seo\/ -->\n<title>Equipos de est\u00e9tica profesional: diatermia y electroestimulaci\u00f3n - R\u00d6S&#039;S<\/title>\n<meta name=\"description\" content=\"R\u00d6S&#039;S EST\u00c9TICA. Fabricantes de tecnolog\u00eda est\u00e9tica avanzada desde 1978. Descubre servicios exclusivos para profesionales que utilizan tecnolog\u00eda R\u00d6S&#039;S.\" \/>\n<meta name=\"robots\" content=\"index, follow, max-snippet:-1, max-image-preview:large, max-video-preview:-1\" \/>\n<link rel=\"canonical\" href=\"https:\/\/ross.international\/en\/products\/esthetics\/\" \/>\n<meta property=\"og:locale\" content=\"en_US\" \/>\n<meta property=\"og:type\" content=\"article\" \/>\n<meta property=\"og:title\" content=\"Est\u00e9tica\" \/>\n<meta property=\"og:description\" content=\"R\u00d6S&#039;S EST\u00c9TICA. Fabricantes de tecnolog\u00eda est\u00e9tica avanzada desde 1978. Descubre servicios exclusivos para profesionales que utilizan tecnolog\u00eda R\u00d6S&#039;S.\" \/>\n<meta property=\"og:url\" content=\"https:\/\/ross.international\/en\/products\/esthetics\/\" \/>\n<meta property=\"og:site_name\" content=\"R\u00d6S&#039;S\" \/>\n<meta property=\"article:modified_time\" content=\"2026-03-09T20:41:51+00:00\" \/>\n<meta property=\"og:image\" content=\"https:\/\/ross.international\/wp-content\/uploads\/2025\/09\/medicina-estetica.webp\" \/>\n\t<meta property=\"og:image:width\" content=\"600\" \/>\n\t<meta property=\"og:image:height\" content=\"387\" \/>\n\t<meta property=\"og:image:type\" content=\"image\/webp\" \/>\n<meta name=\"twitter:card\" content=\"summary_large_image\" \/>\n<meta name=\"twitter:label1\" content=\"Est. reading time\" \/>\n\t<meta name=\"twitter:data1\" content=\"1 minute\" \/>\n<script type=\"application\/ld+json\" class=\"yoast-schema-graph\">{\"@context\":\"https:\/\/schema.org\",\"@graph\":[{\"@type\":\"WebPage\",\"@id\":\"https:\/\/ross.international\/productos\/estetica\/\",\"url\":\"https:\/\/ross.international\/productos\/estetica\/\",\"name\":\"Equipos de est\u00e9tica profesional: diatermia y electroestimulaci\u00f3n - R\u00d6S&#039;S\",\"isPartOf\":{\"@id\":\"https:\/\/ross.international\/#website\"},\"primaryImageOfPage\":{\"@id\":\"https:\/\/ross.international\/productos\/estetica\/#primaryimage\"},\"image\":{\"@id\":\"https:\/\/ross.international\/productos\/estetica\/#primaryimage\"},\"thumbnailUrl\":\"https:\/\/ross.international\/wp-content\/uploads\/2025\/09\/medicina-estetica.webp\",\"datePublished\":\"2025-06-28T15:09:44+00:00\",\"dateModified\":\"2026-03-09T20:41:51+00:00\",\"description\":\"R\u00d6S'S EST\u00c9TICA. Fabricantes de tecnolog\u00eda est\u00e9tica avanzada desde 1978. Descubre servicios exclusivos para profesionales que utilizan tecnolog\u00eda R\u00d6S'S.\",\"breadcrumb\":{\"@id\":\"https:\/\/ross.international\/productos\/estetica\/#breadcrumb\"},\"inLanguage\":\"en-US\",\"potentialAction\":[{\"@type\":\"ReadAction\",\"target\":[\"https:\/\/ross.international\/productos\/estetica\/\"]}]},{\"@type\":\"ImageObject\",\"inLanguage\":\"en-US\",\"@id\":\"https:\/\/ross.international\/productos\/estetica\/#primaryimage\",\"url\":\"https:\/\/ross.international\/wp-content\/uploads\/2025\/09\/medicina-estetica.webp\",\"contentUrl\":\"https:\/\/ross.international\/wp-content\/uploads\/2025\/09\/medicina-estetica.webp\",\"width\":600,\"height\":387,\"caption\":\"medicina estetica\"},{\"@type\":\"BreadcrumbList\",\"@id\":\"https:\/\/ross.international\/productos\/estetica\/#breadcrumb\",\"itemListElement\":[{\"@type\":\"ListItem\",\"position\":1,\"name\":\"Portada\",\"item\":\"https:\/\/ross.international\/\"},{\"@type\":\"ListItem\",\"position\":2,\"name\":\"Productos\",\"item\":\"https:\/\/ross.international\/productos\/\"},{\"@type\":\"ListItem\",\"position\":3,\"name\":\"Est\u00e9tica\"}]},{\"@type\":\"WebSite\",\"@id\":\"https:\/\/ross.international\/#website\",\"url\":\"https:\/\/ross.international\/\",\"name\":\"R\u00d6S'S\",\"description\":\"\",\"publisher\":{\"@id\":\"https:\/\/ross.international\/#organization\"},\"potentialAction\":[{\"@type\":\"SearchAction\",\"target\":{\"@type\":\"EntryPoint\",\"urlTemplate\":\"https:\/\/ross.international\/?s={search_term_string}\"},\"query-input\":{\"@type\":\"PropertyValueSpecification\",\"valueRequired\":true,\"valueName\":\"search_term_string\"}}],\"inLanguage\":\"en-US\"},{\"@type\":\"Organization\",\"@id\":\"https:\/\/ross.international\/#organization\",\"name\":\"R\u00d6S'S\",\"alternateName\":[\"Ross\",\"ROSS\",\"R\u00f6ss\"],\"url\":\"https:\/\/ross.international\/\",\"logo\":{\"@type\":\"ImageObject\",\"inLanguage\":\"en-US\",\"@id\":\"https:\/\/ross.international\/#\/schema\/logo\/image\/\",\"url\":\"https:\/\/ross.international\/wp-content\/uploads\/2026\/03\/ross_logo.png\",\"contentUrl\":\"https:\/\/ross.international\/wp-content\/uploads\/2026\/03\/ross_logo.png\",\"width\":1200,\"height\":675,\"caption\":\"R\u00d6S'S\"},\"image\":{\"@id\":\"https:\/\/ross.international\/#\/schema\/logo\/image\/\"}}]}<\/script>\n<!-- \/ Yoast SEO Premium plugin. -->","yoast_head_json":{"title":"Equipos de est\u00e9tica profesional: diatermia y electroestimulaci\u00f3n - R\u00d6S&#039;S","description":"R\u00d6S'S EST\u00c9TICA. Fabricantes de tecnolog\u00eda est\u00e9tica avanzada desde 1978. Descubre servicios exclusivos para profesionales que utilizan tecnolog\u00eda R\u00d6S'S.","robots":{"index":"index","follow":"follow","max-snippet":"max-snippet:-1","max-image-preview":"max-image-preview:large","max-video-preview":"max-video-preview:-1"},"canonical":"https:\/\/ross.international\/en\/products\/esthetics\/","og_locale":"en_US","og_type":"article","og_title":"Est\u00e9tica","og_description":"R\u00d6S'S EST\u00c9TICA. Fabricantes de tecnolog\u00eda est\u00e9tica avanzada desde 1978. Descubre servicios exclusivos para profesionales que utilizan tecnolog\u00eda R\u00d6S'S.","og_url":"https:\/\/ross.international\/en\/products\/esthetics\/","og_site_name":"R\u00d6S&#039;S","article_modified_time":"2026-03-09T20:41:51+00:00","og_image":[{"width":600,"height":387,"url":"https:\/\/ross.international\/wp-content\/uploads\/2025\/09\/medicina-estetica.webp","type":"image\/webp"}],"twitter_card":"summary_large_image","twitter_misc":{"Est. reading time":"1 minute"},"schema":{"@context":"https:\/\/schema.org","@graph":[{"@type":"WebPage","@id":"https:\/\/ross.international\/productos\/estetica\/","url":"https:\/\/ross.international\/productos\/estetica\/","name":"Equipos de est\u00e9tica profesional: diatermia y electroestimulaci\u00f3n - R\u00d6S&#039;S","isPartOf":{"@id":"https:\/\/ross.international\/#website"},"primaryImageOfPage":{"@id":"https:\/\/ross.international\/productos\/estetica\/#primaryimage"},"image":{"@id":"https:\/\/ross.international\/productos\/estetica\/#primaryimage"},"thumbnailUrl":"https:\/\/ross.international\/wp-content\/uploads\/2025\/09\/medicina-estetica.webp","datePublished":"2025-06-28T15:09:44+00:00","dateModified":"2026-03-09T20:41:51+00:00","description":"R\u00d6S'S EST\u00c9TICA. Fabricantes de tecnolog\u00eda est\u00e9tica avanzada desde 1978. Descubre servicios exclusivos para profesionales que utilizan tecnolog\u00eda R\u00d6S'S.","breadcrumb":{"@id":"https:\/\/ross.international\/productos\/estetica\/#breadcrumb"},"inLanguage":"en-US","potentialAction":[{"@type":"ReadAction","target":["https:\/\/ross.international\/productos\/estetica\/"]}]},{"@type":"ImageObject","inLanguage":"en-US","@id":"https:\/\/ross.international\/productos\/estetica\/#primaryimage","url":"https:\/\/ross.international\/wp-content\/uploads\/2025\/09\/medicina-estetica.webp","contentUrl":"https:\/\/ross.international\/wp-content\/uploads\/2025\/09\/medicina-estetica.webp","width":600,"height":387,"caption":"medicina estetica"},{"@type":"BreadcrumbList","@id":"https:\/\/ross.international\/productos\/estetica\/#breadcrumb","itemListElement":[{"@type":"ListItem","position":1,"name":"Portada","item":"https:\/\/ross.international\/"},{"@type":"ListItem","position":2,"name":"Productos","item":"https:\/\/ross.international\/productos\/"},{"@type":"ListItem","position":3,"name":"Est\u00e9tica"}]},{"@type":"WebSite","@id":"https:\/\/ross.international\/#website","url":"https:\/\/ross.international\/","name":"R\u00d6S'S","description":"","publisher":{"@id":"https:\/\/ross.international\/#organization"},"potentialAction":[{"@type":"SearchAction","target":{"@type":"EntryPoint","urlTemplate":"https:\/\/ross.international\/?s={search_term_string}"},"query-input":{"@type":"PropertyValueSpecification","valueRequired":true,"valueName":"search_term_string"}}],"inLanguage":"en-US"},{"@type":"Organization","@id":"https:\/\/ross.international\/#organization","name":"R\u00d6S'S","alternateName":["Ross","ROSS","R\u00f6ss"],"url":"https:\/\/ross.international\/","logo":{"@type":"ImageObject","inLanguage":"en-US","@id":"https:\/\/ross.international\/#\/schema\/logo\/image\/","url":"https:\/\/ross.international\/wp-content\/uploads\/2026\/03\/ross_logo.png","contentUrl":"https:\/\/ross.international\/wp-content\/uploads\/2026\/03\/ross_logo.png","width":1200,"height":675,"caption":"R\u00d6S'S"},"image":{"@id":"https:\/\/ross.international\/#\/schema\/logo\/image\/"}}]}},"_links":{"self":[{"href":"https:\/\/ross.international\/en\/wp-json\/wp\/v2\/pages\/23138","targetHints":{"allow":["GET"]}}],"collection":[{"href":"https:\/\/ross.international\/en\/wp-json\/wp\/v2\/pages"}],"about":[{"href":"https:\/\/ross.international\/en\/wp-json\/wp\/v2\/types\/page"}],"author":[{"embeddable":true,"href":"https:\/\/ross.international\/en\/wp-json\/wp\/v2\/users\/1"}],"replies":[{"embeddable":true,"href":"https:\/\/ross.international\/en\/wp-json\/wp\/v2\/comments?post=23138"}],"version-history":[{"count":3,"href":"https:\/\/ross.international\/en\/wp-json\/wp\/v2\/pages\/23138\/revisions"}],"predecessor-version":[{"id":24412,"href":"https:\/\/ross.international\/en\/wp-json\/wp\/v2\/pages\/23138\/revisions\/24412"}],"up":[{"embeddable":true,"href":"https:\/\/ross.international\/en\/wp-json\/wp\/v2\/pages\/9"}],"wp:featuredmedia":[{"embeddable":true,"href":"https:\/\/ross.international\/en\/wp-json\/wp\/v2\/media\/23330"}],"wp:attachment":[{"href":"https:\/\/ross.international\/en\/wp-json\/wp\/v2\/media?parent=23138"}],"curies":[{"name":"wp","href":"https:\/\/api.w.org\/{rel}","templated":true}]}}