{"id":23118,"date":"2025-06-28T14:35:03","date_gmt":"2025-06-28T14:35:03","guid":{"rendered":"https:\/\/ross.international\/productos\/roll-2-0\/"},"modified":"2025-12-22T21:42:46","modified_gmt":"2025-12-22T21:42:46","slug":"roll-2-0","status":"publish","type":"page","link":"https:\/\/ross.international\/en\/products\/esthetics\/roll-2-0\/","title":{"rendered":"Roll 2.0"},"content":{"rendered":"<p><\/p>\n\n\n\n<p><\/p>","protected":false},"excerpt":{"rendered":"","protected":false},"author":1,"featured_media":24440,"parent":23138,"menu_order":3,"comment_status":"closed","ping_status":"closed","template":"","meta":{"_acf_changed":false,"footnotes":""},"class_list":["post-23118","page","type-page","status-publish","has-post-thumbnail","hentry"],"acf":[],"yoast_head":"<!-- This site is optimized with the Yoast SEO Premium plugin v22.6 (Yoast SEO v25.3.1) - https:\/\/yoast.com\/wordpress\/plugins\/seo\/ -->\n<title>Roll 2.0 - R\u00d6S&#039;S<\/title>\n<meta name=\"description\" content=\"Roll 2.0 de R\u00d6SS reduce celulitis y tonifica con masaje compresivo intenso, remodelando tu cuerpo sin cirug\u00eda.\" \/>\n<meta name=\"robots\" content=\"index, follow, max-snippet:-1, max-image-preview:large, max-video-preview:-1\" \/>\n<link rel=\"canonical\" href=\"https:\/\/ross.international\/en\/products\/esthetics\/roll-2-0\/\" \/>\n<meta property=\"og:locale\" content=\"en_US\" \/>\n<meta property=\"og:type\" content=\"article\" \/>\n<meta property=\"og:title\" content=\"Roll 2.0\" \/>\n<meta property=\"og:description\" content=\"Roll 2.0 de R\u00d6SS reduce celulitis y tonifica con masaje compresivo intenso, remodelando tu cuerpo sin cirug\u00eda.\" \/>\n<meta property=\"og:url\" content=\"https:\/\/ross.international\/en\/products\/esthetics\/roll-2-0\/\" \/>\n<meta property=\"og:site_name\" content=\"R\u00d6S&#039;S\" \/>\n<meta property=\"article:modified_time\" content=\"2025-12-22T21:42:46+00:00\" \/>\n<meta property=\"og:image\" content=\"https:\/\/ross.international\/wp-content\/uploads\/2025\/12\/roll20_01.jpg\" \/>\n\t<meta property=\"og:image:width\" content=\"768\" \/>\n\t<meta property=\"og:image:height\" content=\"998\" \/>\n\t<meta property=\"og:image:type\" content=\"image\/jpeg\" \/>\n<meta name=\"twitter:card\" content=\"summary_large_image\" \/>\n<meta name=\"twitter:label1\" content=\"Est. reading time\" \/>\n\t<meta name=\"twitter:data1\" content=\"1 minute\" \/>\n<script type=\"application\/ld+json\" class=\"yoast-schema-graph\">{\"@context\":\"https:\/\/schema.org\",\"@graph\":[{\"@type\":\"WebPage\",\"@id\":\"https:\/\/ross.international\/productos\/estetica\/roll-2-0\/\",\"url\":\"https:\/\/ross.international\/productos\/estetica\/roll-2-0\/\",\"name\":\"Roll 2.0 - R\u00d6S&#039;S\",\"isPartOf\":{\"@id\":\"https:\/\/ross.international\/#website\"},\"primaryImageOfPage\":{\"@id\":\"https:\/\/ross.international\/productos\/estetica\/roll-2-0\/#primaryimage\"},\"image\":{\"@id\":\"https:\/\/ross.international\/productos\/estetica\/roll-2-0\/#primaryimage\"},\"thumbnailUrl\":\"https:\/\/ross.international\/wp-content\/uploads\/2025\/12\/roll20_01.jpg\",\"datePublished\":\"2025-06-28T14:35:03+00:00\",\"dateModified\":\"2025-12-22T21:42:46+00:00\",\"description\":\"Roll 2.0 de R\u00d6SS reduce celulitis y tonifica con masaje compresivo intenso, remodelando tu cuerpo sin cirug\u00eda.\",\"breadcrumb\":{\"@id\":\"https:\/\/ross.international\/productos\/estetica\/roll-2-0\/#breadcrumb\"},\"inLanguage\":\"en-US\",\"potentialAction\":[{\"@type\":\"ReadAction\",\"target\":[\"https:\/\/ross.international\/productos\/estetica\/roll-2-0\/\"]}]},{\"@type\":\"ImageObject\",\"inLanguage\":\"en-US\",\"@id\":\"https:\/\/ross.international\/productos\/estetica\/roll-2-0\/#primaryimage\",\"url\":\"https:\/\/ross.international\/wp-content\/uploads\/2025\/12\/roll20_01.jpg\",\"contentUrl\":\"https:\/\/ross.international\/wp-content\/uploads\/2025\/12\/roll20_01.jpg\",\"width\":768,\"height\":998,\"caption\":\"roll 2.0\"},{\"@type\":\"BreadcrumbList\",\"@id\":\"https:\/\/ross.international\/productos\/estetica\/roll-2-0\/#breadcrumb\",\"itemListElement\":[{\"@type\":\"ListItem\",\"position\":1,\"name\":\"Portada\",\"item\":\"https:\/\/ross.international\/\"},{\"@type\":\"ListItem\",\"position\":2,\"name\":\"Productos\",\"item\":\"https:\/\/ross.international\/productos\/\"},{\"@type\":\"ListItem\",\"position\":3,\"name\":\"Est\u00e9tica\",\"item\":\"https:\/\/ross.international\/productos\/estetica\/\"},{\"@type\":\"ListItem\",\"position\":4,\"name\":\"Roll 2.0\"}]},{\"@type\":\"WebSite\",\"@id\":\"https:\/\/ross.international\/#website\",\"url\":\"https:\/\/ross.international\/\",\"name\":\"R\u00d6S'S\",\"description\":\"\",\"publisher\":{\"@id\":\"https:\/\/ross.international\/#organization\"},\"potentialAction\":[{\"@type\":\"SearchAction\",\"target\":{\"@type\":\"EntryPoint\",\"urlTemplate\":\"https:\/\/ross.international\/?s={search_term_string}\"},\"query-input\":{\"@type\":\"PropertyValueSpecification\",\"valueRequired\":true,\"valueName\":\"search_term_string\"}}],\"inLanguage\":\"en-US\"},{\"@type\":\"Organization\",\"@id\":\"https:\/\/ross.international\/#organization\",\"name\":\"R\u00d6S'S\",\"alternateName\":[\"Ross\",\"ROSS\",\"R\u00f6ss\"],\"url\":\"https:\/\/ross.international\/\",\"logo\":{\"@type\":\"ImageObject\",\"inLanguage\":\"en-US\",\"@id\":\"https:\/\/ross.international\/#\/schema\/logo\/image\/\",\"url\":\"https:\/\/ross.international\/wp-content\/uploads\/2026\/03\/ross_logo.png\",\"contentUrl\":\"https:\/\/ross.international\/wp-content\/uploads\/2026\/03\/ross_logo.png\",\"width\":1200,\"height\":675,\"caption\":\"R\u00d6S'S\"},\"image\":{\"@id\":\"https:\/\/ross.international\/#\/schema\/logo\/image\/\"}}]}<\/script>\n<!-- \/ Yoast SEO Premium plugin. -->","yoast_head_json":{"title":"Roll 2.0 - R\u00d6S&#039;S","description":"Roll 2.0 de R\u00d6SS reduce celulitis y tonifica con masaje compresivo intenso, remodelando tu cuerpo sin cirug\u00eda.","robots":{"index":"index","follow":"follow","max-snippet":"max-snippet:-1","max-image-preview":"max-image-preview:large","max-video-preview":"max-video-preview:-1"},"canonical":"https:\/\/ross.international\/en\/products\/esthetics\/roll-2-0\/","og_locale":"en_US","og_type":"article","og_title":"Roll 2.0","og_description":"Roll 2.0 de R\u00d6SS reduce celulitis y tonifica con masaje compresivo intenso, remodelando tu cuerpo sin cirug\u00eda.","og_url":"https:\/\/ross.international\/en\/products\/esthetics\/roll-2-0\/","og_site_name":"R\u00d6S&#039;S","article_modified_time":"2025-12-22T21:42:46+00:00","og_image":[{"width":768,"height":998,"url":"https:\/\/ross.international\/wp-content\/uploads\/2025\/12\/roll20_01.jpg","type":"image\/jpeg"}],"twitter_card":"summary_large_image","twitter_misc":{"Est. reading time":"1 minute"},"schema":{"@context":"https:\/\/schema.org","@graph":[{"@type":"WebPage","@id":"https:\/\/ross.international\/productos\/estetica\/roll-2-0\/","url":"https:\/\/ross.international\/productos\/estetica\/roll-2-0\/","name":"Roll 2.0 - R\u00d6S&#039;S","isPartOf":{"@id":"https:\/\/ross.international\/#website"},"primaryImageOfPage":{"@id":"https:\/\/ross.international\/productos\/estetica\/roll-2-0\/#primaryimage"},"image":{"@id":"https:\/\/ross.international\/productos\/estetica\/roll-2-0\/#primaryimage"},"thumbnailUrl":"https:\/\/ross.international\/wp-content\/uploads\/2025\/12\/roll20_01.jpg","datePublished":"2025-06-28T14:35:03+00:00","dateModified":"2025-12-22T21:42:46+00:00","description":"Roll 2.0 de R\u00d6SS reduce celulitis y tonifica con masaje compresivo intenso, remodelando tu cuerpo sin cirug\u00eda.","breadcrumb":{"@id":"https:\/\/ross.international\/productos\/estetica\/roll-2-0\/#breadcrumb"},"inLanguage":"en-US","potentialAction":[{"@type":"ReadAction","target":["https:\/\/ross.international\/productos\/estetica\/roll-2-0\/"]}]},{"@type":"ImageObject","inLanguage":"en-US","@id":"https:\/\/ross.international\/productos\/estetica\/roll-2-0\/#primaryimage","url":"https:\/\/ross.international\/wp-content\/uploads\/2025\/12\/roll20_01.jpg","contentUrl":"https:\/\/ross.international\/wp-content\/uploads\/2025\/12\/roll20_01.jpg","width":768,"height":998,"caption":"roll 2.0"},{"@type":"BreadcrumbList","@id":"https:\/\/ross.international\/productos\/estetica\/roll-2-0\/#breadcrumb","itemListElement":[{"@type":"ListItem","position":1,"name":"Portada","item":"https:\/\/ross.international\/"},{"@type":"ListItem","position":2,"name":"Productos","item":"https:\/\/ross.international\/productos\/"},{"@type":"ListItem","position":3,"name":"Est\u00e9tica","item":"https:\/\/ross.international\/productos\/estetica\/"},{"@type":"ListItem","position":4,"name":"Roll 2.0"}]},{"@type":"WebSite","@id":"https:\/\/ross.international\/#website","url":"https:\/\/ross.international\/","name":"R\u00d6S'S","description":"","publisher":{"@id":"https:\/\/ross.international\/#organization"},"potentialAction":[{"@type":"SearchAction","target":{"@type":"EntryPoint","urlTemplate":"https:\/\/ross.international\/?s={search_term_string}"},"query-input":{"@type":"PropertyValueSpecification","valueRequired":true,"valueName":"search_term_string"}}],"inLanguage":"en-US"},{"@type":"Organization","@id":"https:\/\/ross.international\/#organization","name":"R\u00d6S'S","alternateName":["Ross","ROSS","R\u00f6ss"],"url":"https:\/\/ross.international\/","logo":{"@type":"ImageObject","inLanguage":"en-US","@id":"https:\/\/ross.international\/#\/schema\/logo\/image\/","url":"https:\/\/ross.international\/wp-content\/uploads\/2026\/03\/ross_logo.png","contentUrl":"https:\/\/ross.international\/wp-content\/uploads\/2026\/03\/ross_logo.png","width":1200,"height":675,"caption":"R\u00d6S'S"},"image":{"@id":"https:\/\/ross.international\/#\/schema\/logo\/image\/"}}]}},"_links":{"self":[{"href":"https:\/\/ross.international\/en\/wp-json\/wp\/v2\/pages\/23118","targetHints":{"allow":["GET"]}}],"collection":[{"href":"https:\/\/ross.international\/en\/wp-json\/wp\/v2\/pages"}],"about":[{"href":"https:\/\/ross.international\/en\/wp-json\/wp\/v2\/types\/page"}],"author":[{"embeddable":true,"href":"https:\/\/ross.international\/en\/wp-json\/wp\/v2\/users\/1"}],"replies":[{"embeddable":true,"href":"https:\/\/ross.international\/en\/wp-json\/wp\/v2\/comments?post=23118"}],"version-history":[{"count":7,"href":"https:\/\/ross.international\/en\/wp-json\/wp\/v2\/pages\/23118\/revisions"}],"predecessor-version":[{"id":24430,"href":"https:\/\/ross.international\/en\/wp-json\/wp\/v2\/pages\/23118\/revisions\/24430"}],"up":[{"embeddable":true,"href":"https:\/\/ross.international\/en\/wp-json\/wp\/v2\/pages\/23138"}],"wp:featuredmedia":[{"embeddable":true,"href":"https:\/\/ross.international\/en\/wp-json\/wp\/v2\/media\/24440"}],"wp:attachment":[{"href":"https:\/\/ross.international\/en\/wp-json\/wp\/v2\/media?parent=23118"}],"curies":[{"name":"wp","href":"https:\/\/api.w.org\/{rel}","templated":true}]}}