{"id":19,"date":"2025-06-28T09:20:08","date_gmt":"2025-06-28T09:20:08","guid":{"rendered":"https:\/\/ross.international\/inicio\/"},"modified":"2026-03-28T19:47:34","modified_gmt":"2026-03-28T19:47:34","slug":"inicio","status":"publish","type":"page","link":"https:\/\/ross.international\/en\/","title":{"rendered":"Ross"},"content":{"rendered":"","protected":false},"excerpt":{"rendered":"","protected":false},"author":1,"featured_media":24563,"parent":0,"menu_order":34,"comment_status":"closed","ping_status":"closed","template":"","meta":{"_acf_changed":false,"footnotes":""},"class_list":["post-19","page","type-page","status-publish","has-post-thumbnail","hentry"],"acf":[],"yoast_head":"<!-- This site is optimized with the Yoast SEO Premium plugin v22.6 (Yoast SEO v25.3.1) - https:\/\/yoast.com\/wordpress\/plugins\/seo\/ -->\n<title>R\u00d6S&#039;S - Ross tecnolog\u00eda est\u00e9tica avanzada<\/title>\n<meta name=\"description\" content=\"Fabricantes de tecnolog\u00eda est\u00e9tica avanzada desde 1978. Diatermia, radiofrecuencia y electroestimulaci\u00f3n para profesionales de la belleza. Dise\u00f1o y fabricaci\u00f3n espa\u00f1ola.\" \/>\n<meta name=\"robots\" content=\"index, follow, max-snippet:-1, max-image-preview:large, max-video-preview:-1\" \/>\n<link rel=\"canonical\" href=\"https:\/\/ross.international\/en\/\" \/>\n<meta property=\"og:locale\" content=\"en_US\" \/>\n<meta property=\"og:type\" content=\"article\" \/>\n<meta property=\"og:title\" content=\"Ross\" \/>\n<meta property=\"og:description\" content=\"Fabricantes de tecnolog\u00eda est\u00e9tica avanzada desde 1978. Diatermia, radiofrecuencia y electroestimulaci\u00f3n para profesionales de la belleza. Dise\u00f1o y fabricaci\u00f3n espa\u00f1ola.\" \/>\n<meta property=\"og:url\" content=\"https:\/\/ross.international\/en\/\" \/>\n<meta property=\"og:site_name\" content=\"R\u00d6S&#039;S\" \/>\n<meta property=\"article:modified_time\" content=\"2026-03-28T19:47:34+00:00\" \/>\n<meta property=\"og:image\" content=\"https:\/\/ross.international\/wp-content\/uploads\/2026\/01\/ross_logo.png\" \/>\n\t<meta property=\"og:image:width\" content=\"1200\" \/>\n\t<meta property=\"og:image:height\" content=\"675\" \/>\n\t<meta property=\"og:image:type\" content=\"image\/png\" \/>\n<meta name=\"twitter:card\" content=\"summary_large_image\" \/>\n<meta name=\"twitter:label1\" content=\"Est. reading time\" \/>\n\t<meta name=\"twitter:data1\" content=\"1 minute\" \/>\n<script type=\"application\/ld+json\" class=\"yoast-schema-graph\">{\"@context\":\"https:\/\/schema.org\",\"@graph\":[{\"@type\":\"WebPage\",\"@id\":\"https:\/\/ross.international\/\",\"url\":\"https:\/\/ross.international\/\",\"name\":\"R\u00d6S'S - Ross tecnolog\u00eda est\u00e9tica avanzada\",\"isPartOf\":{\"@id\":\"https:\/\/ross.international\/#website\"},\"primaryImageOfPage\":{\"@id\":\"https:\/\/ross.international\/#primaryimage\"},\"image\":{\"@id\":\"https:\/\/ross.international\/#primaryimage\"},\"thumbnailUrl\":\"https:\/\/ross.international\/wp-content\/uploads\/2026\/01\/ross_logo.png\",\"datePublished\":\"2025-06-28T09:20:08+00:00\",\"dateModified\":\"2026-03-28T19:47:34+00:00\",\"description\":\"Fabricantes de tecnolog\u00eda est\u00e9tica avanzada desde 1978. Diatermia, radiofrecuencia y electroestimulaci\u00f3n para profesionales de la belleza. Dise\u00f1o y fabricaci\u00f3n espa\u00f1ola.\",\"breadcrumb\":{\"@id\":\"https:\/\/ross.international\/#breadcrumb\"},\"inLanguage\":\"en-US\",\"potentialAction\":[{\"@type\":\"ReadAction\",\"target\":[\"https:\/\/ross.international\/\"]}]},{\"@type\":\"ImageObject\",\"inLanguage\":\"en-US\",\"@id\":\"https:\/\/ross.international\/#primaryimage\",\"url\":\"https:\/\/ross.international\/wp-content\/uploads\/2026\/01\/ross_logo.png\",\"contentUrl\":\"https:\/\/ross.international\/wp-content\/uploads\/2026\/01\/ross_logo.png\",\"width\":1200,\"height\":675,\"caption\":\"ross logo\"},{\"@type\":\"BreadcrumbList\",\"@id\":\"https:\/\/ross.international\/#breadcrumb\",\"itemListElement\":[{\"@type\":\"ListItem\",\"position\":1,\"name\":\"Portada\",\"item\":\"https:\/\/ross.international\/\"},{\"@type\":\"ListItem\",\"position\":2,\"name\":\"Ross\"}]},{\"@type\":\"WebSite\",\"@id\":\"https:\/\/ross.international\/#website\",\"url\":\"https:\/\/ross.international\/\",\"name\":\"R\u00d6S'S\",\"description\":\"\",\"publisher\":{\"@id\":\"https:\/\/ross.international\/#organization\"},\"potentialAction\":[{\"@type\":\"SearchAction\",\"target\":{\"@type\":\"EntryPoint\",\"urlTemplate\":\"https:\/\/ross.international\/?s={search_term_string}\"},\"query-input\":{\"@type\":\"PropertyValueSpecification\",\"valueRequired\":true,\"valueName\":\"search_term_string\"}}],\"inLanguage\":\"en-US\"},{\"@type\":\"Organization\",\"@id\":\"https:\/\/ross.international\/#organization\",\"name\":\"R\u00d6S'S\",\"alternateName\":[\"Ross\",\"ROSS\",\"R\u00f6ss\"],\"url\":\"https:\/\/ross.international\/\",\"logo\":{\"@type\":\"ImageObject\",\"inLanguage\":\"en-US\",\"@id\":\"https:\/\/ross.international\/#\/schema\/logo\/image\/\",\"url\":\"https:\/\/ross.international\/wp-content\/uploads\/2026\/03\/ross_logo.png\",\"contentUrl\":\"https:\/\/ross.international\/wp-content\/uploads\/2026\/03\/ross_logo.png\",\"width\":1200,\"height\":675,\"caption\":\"R\u00d6S'S\"},\"image\":{\"@id\":\"https:\/\/ross.international\/#\/schema\/logo\/image\/\"}}]}<\/script>\n<!-- \/ Yoast SEO Premium plugin. -->","yoast_head_json":{"title":"R\u00d6S'S - Ross tecnolog\u00eda est\u00e9tica avanzada","description":"Fabricantes de tecnolog\u00eda est\u00e9tica avanzada desde 1978. Diatermia, radiofrecuencia y electroestimulaci\u00f3n para profesionales de la belleza. Dise\u00f1o y fabricaci\u00f3n espa\u00f1ola.","robots":{"index":"index","follow":"follow","max-snippet":"max-snippet:-1","max-image-preview":"max-image-preview:large","max-video-preview":"max-video-preview:-1"},"canonical":"https:\/\/ross.international\/en\/","og_locale":"en_US","og_type":"article","og_title":"Ross","og_description":"Fabricantes de tecnolog\u00eda est\u00e9tica avanzada desde 1978. Diatermia, radiofrecuencia y electroestimulaci\u00f3n para profesionales de la belleza. Dise\u00f1o y fabricaci\u00f3n espa\u00f1ola.","og_url":"https:\/\/ross.international\/en\/","og_site_name":"R\u00d6S&#039;S","article_modified_time":"2026-03-28T19:47:34+00:00","og_image":[{"width":1200,"height":675,"url":"https:\/\/ross.international\/wp-content\/uploads\/2026\/01\/ross_logo.png","type":"image\/png"}],"twitter_card":"summary_large_image","twitter_misc":{"Est. reading time":"1 minute"},"schema":{"@context":"https:\/\/schema.org","@graph":[{"@type":"WebPage","@id":"https:\/\/ross.international\/","url":"https:\/\/ross.international\/","name":"R\u00d6S'S - Ross tecnolog\u00eda est\u00e9tica avanzada","isPartOf":{"@id":"https:\/\/ross.international\/#website"},"primaryImageOfPage":{"@id":"https:\/\/ross.international\/#primaryimage"},"image":{"@id":"https:\/\/ross.international\/#primaryimage"},"thumbnailUrl":"https:\/\/ross.international\/wp-content\/uploads\/2026\/01\/ross_logo.png","datePublished":"2025-06-28T09:20:08+00:00","dateModified":"2026-03-28T19:47:34+00:00","description":"Fabricantes de tecnolog\u00eda est\u00e9tica avanzada desde 1978. Diatermia, radiofrecuencia y electroestimulaci\u00f3n para profesionales de la belleza. Dise\u00f1o y fabricaci\u00f3n espa\u00f1ola.","breadcrumb":{"@id":"https:\/\/ross.international\/#breadcrumb"},"inLanguage":"en-US","potentialAction":[{"@type":"ReadAction","target":["https:\/\/ross.international\/"]}]},{"@type":"ImageObject","inLanguage":"en-US","@id":"https:\/\/ross.international\/#primaryimage","url":"https:\/\/ross.international\/wp-content\/uploads\/2026\/01\/ross_logo.png","contentUrl":"https:\/\/ross.international\/wp-content\/uploads\/2026\/01\/ross_logo.png","width":1200,"height":675,"caption":"ross logo"},{"@type":"BreadcrumbList","@id":"https:\/\/ross.international\/#breadcrumb","itemListElement":[{"@type":"ListItem","position":1,"name":"Portada","item":"https:\/\/ross.international\/"},{"@type":"ListItem","position":2,"name":"Ross"}]},{"@type":"WebSite","@id":"https:\/\/ross.international\/#website","url":"https:\/\/ross.international\/","name":"R\u00d6S'S","description":"","publisher":{"@id":"https:\/\/ross.international\/#organization"},"potentialAction":[{"@type":"SearchAction","target":{"@type":"EntryPoint","urlTemplate":"https:\/\/ross.international\/?s={search_term_string}"},"query-input":{"@type":"PropertyValueSpecification","valueRequired":true,"valueName":"search_term_string"}}],"inLanguage":"en-US"},{"@type":"Organization","@id":"https:\/\/ross.international\/#organization","name":"R\u00d6S'S","alternateName":["Ross","ROSS","R\u00f6ss"],"url":"https:\/\/ross.international\/","logo":{"@type":"ImageObject","inLanguage":"en-US","@id":"https:\/\/ross.international\/#\/schema\/logo\/image\/","url":"https:\/\/ross.international\/wp-content\/uploads\/2026\/03\/ross_logo.png","contentUrl":"https:\/\/ross.international\/wp-content\/uploads\/2026\/03\/ross_logo.png","width":1200,"height":675,"caption":"R\u00d6S'S"},"image":{"@id":"https:\/\/ross.international\/#\/schema\/logo\/image\/"}}]}},"_links":{"self":[{"href":"https:\/\/ross.international\/en\/wp-json\/wp\/v2\/pages\/19","targetHints":{"allow":["GET"]}}],"collection":[{"href":"https:\/\/ross.international\/en\/wp-json\/wp\/v2\/pages"}],"about":[{"href":"https:\/\/ross.international\/en\/wp-json\/wp\/v2\/types\/page"}],"author":[{"embeddable":true,"href":"https:\/\/ross.international\/en\/wp-json\/wp\/v2\/users\/1"}],"replies":[{"embeddable":true,"href":"https:\/\/ross.international\/en\/wp-json\/wp\/v2\/comments?post=19"}],"version-history":[{"count":4,"href":"https:\/\/ross.international\/en\/wp-json\/wp\/v2\/pages\/19\/revisions"}],"predecessor-version":[{"id":24966,"href":"https:\/\/ross.international\/en\/wp-json\/wp\/v2\/pages\/19\/revisions\/24966"}],"wp:featuredmedia":[{"embeddable":true,"href":"https:\/\/ross.international\/en\/wp-json\/wp\/v2\/media\/24563"}],"wp:attachment":[{"href":"https:\/\/ross.international\/en\/wp-json\/wp\/v2\/media?parent=19"}],"curies":[{"name":"wp","href":"https:\/\/api.w.org\/{rel}","templated":true}]}}