{"id":11,"date":"2025-06-28T09:19:50","date_gmt":"2025-06-28T09:19:50","guid":{"rendered":"https:\/\/ross.international\/empresa\/"},"modified":"2025-07-10T23:40:13","modified_gmt":"2025-07-10T23:40:13","slug":"empresa","status":"publish","type":"page","link":"https:\/\/ross.international\/en\/company\/","title":{"rendered":"Company"},"content":{"rendered":"<p class=\"has-text-align-center\">R\u00d6S'S is a Spanish company based in Castelldefels (Barcelona), specialized in the design, development and manufacture of advanced technology for the aesthetics, physiotherapy, aesthetic medicine and wellness sectors. Founded in 1978, R\u00d6S'S has one of the most consolidated track records in the sector, being a reference in technological innovation applied to beauty and health.<\/p>\n\n\n\n<br\/>","protected":false},"excerpt":{"rendered":"<p>R\u00d6S&#8217;S es una empresa espa\u00f1ola con sede en Castelldefels (Barcelona), especializada en el dise\u00f1o, desarrollo y fabricaci\u00f3n de tecnolog\u00eda avanzada para los sectores de la est\u00e9tica, la fisioterapia, la medicina est\u00e9tica y el wellness. Fundada en 1978, R\u00d6S&#8217;S cuenta con una de las trayectorias m\u00e1s consolidadas del sector, siendo referente en innovaci\u00f3n tecnol\u00f3gica aplicada a [&hellip;]<\/p>","protected":false},"author":1,"featured_media":0,"parent":0,"menu_order":87,"comment_status":"closed","ping_status":"closed","template":"","meta":{"_acf_changed":false,"footnotes":""},"class_list":["post-11","page","type-page","status-publish","hentry"],"acf":[],"yoast_head":"<!-- This site is optimized with the Yoast SEO Premium plugin v22.6 (Yoast SEO v25.3.1) - https:\/\/yoast.com\/wordpress\/plugins\/seo\/ -->\n<title>Empresa - R\u00d6S&#039;S<\/title>\n<meta name=\"robots\" content=\"index, follow, max-snippet:-1, max-image-preview:large, max-video-preview:-1\" \/>\n<link rel=\"canonical\" href=\"https:\/\/ross.international\/en\/company\/\" \/>\n<meta property=\"og:locale\" content=\"en_US\" \/>\n<meta property=\"og:type\" content=\"article\" \/>\n<meta property=\"og:title\" content=\"Empresa\" \/>\n<meta property=\"og:description\" content=\"R\u00d6S&#8217;S es una empresa espa\u00f1ola con sede en Castelldefels (Barcelona), especializada en el dise\u00f1o, desarrollo y fabricaci\u00f3n de tecnolog\u00eda avanzada para los sectores de la est\u00e9tica, la fisioterapia, la medicina est\u00e9tica y el wellness. Fundada en 1978, R\u00d6S&#8217;S cuenta con una de las trayectorias m\u00e1s consolidadas del sector, siendo referente en innovaci\u00f3n tecnol\u00f3gica aplicada a [&hellip;]\" \/>\n<meta property=\"og:url\" content=\"https:\/\/ross.international\/en\/company\/\" \/>\n<meta property=\"og:site_name\" content=\"R\u00d6S&#039;S\" \/>\n<meta property=\"article:modified_time\" content=\"2025-07-10T23:40:13+00:00\" \/>\n<meta name=\"twitter:card\" content=\"summary_large_image\" \/>\n<script type=\"application\/ld+json\" class=\"yoast-schema-graph\">{\"@context\":\"https:\/\/schema.org\",\"@graph\":[{\"@type\":\"WebPage\",\"@id\":\"https:\/\/ross.international\/empresa\/\",\"url\":\"https:\/\/ross.international\/empresa\/\",\"name\":\"Empresa - R\u00d6S&#039;S\",\"isPartOf\":{\"@id\":\"https:\/\/ross.international\/#website\"},\"datePublished\":\"2025-06-28T09:19:50+00:00\",\"dateModified\":\"2025-07-10T23:40:13+00:00\",\"breadcrumb\":{\"@id\":\"https:\/\/ross.international\/empresa\/#breadcrumb\"},\"inLanguage\":\"en-US\",\"potentialAction\":[{\"@type\":\"ReadAction\",\"target\":[\"https:\/\/ross.international\/empresa\/\"]}]},{\"@type\":\"BreadcrumbList\",\"@id\":\"https:\/\/ross.international\/empresa\/#breadcrumb\",\"itemListElement\":[{\"@type\":\"ListItem\",\"position\":1,\"name\":\"Portada\",\"item\":\"https:\/\/ross.international\/\"},{\"@type\":\"ListItem\",\"position\":2,\"name\":\"Empresa\"}]},{\"@type\":\"WebSite\",\"@id\":\"https:\/\/ross.international\/#website\",\"url\":\"https:\/\/ross.international\/\",\"name\":\"R\u00d6S'S\",\"description\":\"\",\"publisher\":{\"@id\":\"https:\/\/ross.international\/#organization\"},\"potentialAction\":[{\"@type\":\"SearchAction\",\"target\":{\"@type\":\"EntryPoint\",\"urlTemplate\":\"https:\/\/ross.international\/?s={search_term_string}\"},\"query-input\":{\"@type\":\"PropertyValueSpecification\",\"valueRequired\":true,\"valueName\":\"search_term_string\"}}],\"inLanguage\":\"en-US\"},{\"@type\":\"Organization\",\"@id\":\"https:\/\/ross.international\/#organization\",\"name\":\"R\u00d6S'S\",\"alternateName\":[\"Ross\",\"ROSS\",\"R\u00f6ss\"],\"url\":\"https:\/\/ross.international\/\",\"logo\":{\"@type\":\"ImageObject\",\"inLanguage\":\"en-US\",\"@id\":\"https:\/\/ross.international\/#\/schema\/logo\/image\/\",\"url\":\"https:\/\/ross.international\/wp-content\/uploads\/2026\/03\/ross_logo.png\",\"contentUrl\":\"https:\/\/ross.international\/wp-content\/uploads\/2026\/03\/ross_logo.png\",\"width\":1200,\"height\":675,\"caption\":\"R\u00d6S'S\"},\"image\":{\"@id\":\"https:\/\/ross.international\/#\/schema\/logo\/image\/\"}}]}<\/script>\n<!-- \/ Yoast SEO Premium plugin. -->","yoast_head_json":{"title":"Empresa - R\u00d6S&#039;S","robots":{"index":"index","follow":"follow","max-snippet":"max-snippet:-1","max-image-preview":"max-image-preview:large","max-video-preview":"max-video-preview:-1"},"canonical":"https:\/\/ross.international\/en\/company\/","og_locale":"en_US","og_type":"article","og_title":"Empresa","og_description":"R\u00d6S&#8217;S es una empresa espa\u00f1ola con sede en Castelldefels (Barcelona), especializada en el dise\u00f1o, desarrollo y fabricaci\u00f3n de tecnolog\u00eda avanzada para los sectores de la est\u00e9tica, la fisioterapia, la medicina est\u00e9tica y el wellness. Fundada en 1978, R\u00d6S&#8217;S cuenta con una de las trayectorias m\u00e1s consolidadas del sector, siendo referente en innovaci\u00f3n tecnol\u00f3gica aplicada a [&hellip;]","og_url":"https:\/\/ross.international\/en\/company\/","og_site_name":"R\u00d6S&#039;S","article_modified_time":"2025-07-10T23:40:13+00:00","twitter_card":"summary_large_image","schema":{"@context":"https:\/\/schema.org","@graph":[{"@type":"WebPage","@id":"https:\/\/ross.international\/empresa\/","url":"https:\/\/ross.international\/empresa\/","name":"Empresa - R\u00d6S&#039;S","isPartOf":{"@id":"https:\/\/ross.international\/#website"},"datePublished":"2025-06-28T09:19:50+00:00","dateModified":"2025-07-10T23:40:13+00:00","breadcrumb":{"@id":"https:\/\/ross.international\/empresa\/#breadcrumb"},"inLanguage":"en-US","potentialAction":[{"@type":"ReadAction","target":["https:\/\/ross.international\/empresa\/"]}]},{"@type":"BreadcrumbList","@id":"https:\/\/ross.international\/empresa\/#breadcrumb","itemListElement":[{"@type":"ListItem","position":1,"name":"Portada","item":"https:\/\/ross.international\/"},{"@type":"ListItem","position":2,"name":"Empresa"}]},{"@type":"WebSite","@id":"https:\/\/ross.international\/#website","url":"https:\/\/ross.international\/","name":"R\u00d6S'S","description":"","publisher":{"@id":"https:\/\/ross.international\/#organization"},"potentialAction":[{"@type":"SearchAction","target":{"@type":"EntryPoint","urlTemplate":"https:\/\/ross.international\/?s={search_term_string}"},"query-input":{"@type":"PropertyValueSpecification","valueRequired":true,"valueName":"search_term_string"}}],"inLanguage":"en-US"},{"@type":"Organization","@id":"https:\/\/ross.international\/#organization","name":"R\u00d6S'S","alternateName":["Ross","ROSS","R\u00f6ss"],"url":"https:\/\/ross.international\/","logo":{"@type":"ImageObject","inLanguage":"en-US","@id":"https:\/\/ross.international\/#\/schema\/logo\/image\/","url":"https:\/\/ross.international\/wp-content\/uploads\/2026\/03\/ross_logo.png","contentUrl":"https:\/\/ross.international\/wp-content\/uploads\/2026\/03\/ross_logo.png","width":1200,"height":675,"caption":"R\u00d6S'S"},"image":{"@id":"https:\/\/ross.international\/#\/schema\/logo\/image\/"}}]}},"_links":{"self":[{"href":"https:\/\/ross.international\/en\/wp-json\/wp\/v2\/pages\/11","targetHints":{"allow":["GET"]}}],"collection":[{"href":"https:\/\/ross.international\/en\/wp-json\/wp\/v2\/pages"}],"about":[{"href":"https:\/\/ross.international\/en\/wp-json\/wp\/v2\/types\/page"}],"author":[{"embeddable":true,"href":"https:\/\/ross.international\/en\/wp-json\/wp\/v2\/users\/1"}],"replies":[{"embeddable":true,"href":"https:\/\/ross.international\/en\/wp-json\/wp\/v2\/comments?post=11"}],"version-history":[{"count":6,"href":"https:\/\/ross.international\/en\/wp-json\/wp\/v2\/pages\/11\/revisions"}],"predecessor-version":[{"id":23296,"href":"https:\/\/ross.international\/en\/wp-json\/wp\/v2\/pages\/11\/revisions\/23296"}],"wp:attachment":[{"href":"https:\/\/ross.international\/en\/wp-json\/wp\/v2\/media?parent=11"}],"curies":[{"name":"wp","href":"https:\/\/api.w.org\/{rel}","templated":true}]}}